{"id":13,"date":"2022-11-29T22:32:05","date_gmt":"2022-11-29T22:32:05","guid":{"rendered":"https:\/\/lightgreen-camel-596385.hostingersite.com\/?page_id=13"},"modified":"2022-12-02T04:50:02","modified_gmt":"2022-12-02T04:50:02","slug":"servicos","status":"publish","type":"page","link":"https:\/\/santanapecashidraulicas.com.br\/?page_id=13","title":{"rendered":"SERVI\u00c7OS"},"content":{"rendered":"\t\t<div data-elementor-type=\"wp-page\" data-elementor-id=\"13\" class=\"elementor elementor-13\" data-elementor-post-type=\"page\">\n\t\t\t\t\t\t<section class=\"elementor-section elementor-top-section elementor-element elementor-element-3faec13 elementor-section-boxed elementor-section-height-default elementor-section-height-default\" data-id=\"3faec13\" data-element_type=\"section\" data-e-type=\"section\">\n\t\t\t\t\t\t<div class=\"elementor-container elementor-column-gap-default\">\n\t\t\t\t\t<div class=\"elementor-column elementor-col-100 elementor-top-column elementor-element elementor-element-bdd96aa\" data-id=\"bdd96aa\" data-element_type=\"column\" data-e-type=\"column\">\n\t\t\t<div class=\"elementor-widget-wrap elementor-element-populated\">\n\t\t\t\t\t\t<div class=\"elementor-element elementor-element-e62bc5e elementor-widget elementor-widget-image\" data-id=\"e62bc5e\" data-element_type=\"widget\" data-e-type=\"widget\" data-widget_type=\"image.default\">\n\t\t\t\t<div class=\"elementor-widget-container\">\n\t\t\t\t\t\t\t\t\t\t\t\t\t\t\t<img fetchpriority=\"high\" decoding=\"async\" width=\"1200\" height=\"200\" src=\"https:\/\/santanapecashidraulicas.com.br\/wp-content\/uploads\/2022\/12\/serv-1.jpg\" class=\"attachment-1536x1536 size-1536x1536 wp-image-226\" alt=\"\" srcset=\"https:\/\/santanapecashidraulicas.com.br\/wp-content\/uploads\/2022\/12\/serv-1.jpg 1200w, https:\/\/santanapecashidraulicas.com.br\/wp-content\/uploads\/2022\/12\/serv-1-300x50.jpg 300w, https:\/\/santanapecashidraulicas.com.br\/wp-content\/uploads\/2022\/12\/serv-1-1024x171.jpg 1024w, https:\/\/santanapecashidraulicas.com.br\/wp-content\/uploads\/2022\/12\/serv-1-768x128.jpg 768w\" sizes=\"(max-width: 1200px) 100vw, 1200px\" \/>\t\t\t\t\t\t\t\t\t\t\t\t\t\t\t<\/div>\n\t\t\t\t<\/div>\n\t\t\t\t\t<\/div>\n\t\t<\/div>\n\t\t\t\t\t<\/div>\n\t\t<\/section>\n\t\t\t\t<section class=\"elementor-section elementor-top-section elementor-element elementor-element-2fab612 elementor-section-boxed elementor-section-height-default elementor-section-height-default\" data-id=\"2fab612\" data-element_type=\"section\" data-e-type=\"section\">\n\t\t\t\t\t\t<div class=\"elementor-container elementor-column-gap-default\">\n\t\t\t\t\t<div class=\"elementor-column elementor-col-50 elementor-top-column elementor-element elementor-element-efa8c3d\" data-id=\"efa8c3d\" data-element_type=\"column\" data-e-type=\"column\">\n\t\t\t<div class=\"elementor-widget-wrap elementor-element-populated\">\n\t\t\t\t\t\t<div class=\"elementor-element elementor-element-f749547 elementor-widget elementor-widget-image\" data-id=\"f749547\" data-element_type=\"widget\" data-e-type=\"widget\" data-widget_type=\"image.default\">\n\t\t\t\t<div class=\"elementor-widget-container\">\n\t\t\t\t\t\t\t\t\t\t\t\t\t\t\t<img decoding=\"async\" width=\"768\" height=\"595\" src=\"https:\/\/santanapecashidraulicas.com.br\/wp-content\/uploads\/2022\/12\/SERVICOS.jpg\" class=\"attachment-large size-large wp-image-234\" alt=\"\" srcset=\"https:\/\/santanapecashidraulicas.com.br\/wp-content\/uploads\/2022\/12\/SERVICOS.jpg 768w, https:\/\/santanapecashidraulicas.com.br\/wp-content\/uploads\/2022\/12\/SERVICOS-300x232.jpg 300w\" sizes=\"(max-width: 768px) 100vw, 768px\" \/>\t\t\t\t\t\t\t\t\t\t\t\t\t\t\t<\/div>\n\t\t\t\t<\/div>\n\t\t\t\t\t<\/div>\n\t\t<\/div>\n\t\t\t\t<div class=\"elementor-column elementor-col-50 elementor-top-column elementor-element elementor-element-c644e87\" data-id=\"c644e87\" data-element_type=\"column\" data-e-type=\"column\">\n\t\t\t<div class=\"elementor-widget-wrap elementor-element-populated\">\n\t\t\t\t\t\t<div class=\"elementor-element elementor-element-abc2638 elementor-widget elementor-widget-text-editor\" data-id=\"abc2638\" data-element_type=\"widget\" data-e-type=\"widget\" data-widget_type=\"text-editor.default\">\n\t\t\t\t<div class=\"elementor-widget-container\">\n\t\t\t\t\t\t\t\t\t<h2><strong>Fazemos instala\u00e7\u00e3o e manuten\u00e7\u00e3o dos produtos que comercializamos.<\/strong><\/h2><p><br \/>Trabalhamos com , bombas hidr\u00e1ulicas, tomadas de for\u00e7a e kit hidr\u00e1ulico para<\/p><ul><li>Caminh\u00f5es basculantes- ca\u00e7amba<\/li><li>Caminh\u00f5es Munck &#8211; guindaste<\/li><li>Caminh\u00f5es poli guindastes<\/li><li>Caminh\u00f5es roll on roll off<\/li><li>Compactador de lixo<\/li><li>Plataforma de auto socorro &#8211; guincho<\/li><\/ul>\t\t\t\t\t\t\t\t<\/div>\n\t\t\t\t<\/div>\n\t\t\t\t\t<\/div>\n\t\t<\/div>\n\t\t\t\t\t<\/div>\n\t\t<\/section>\n\t\t\t\t<section class=\"elementor-section elementor-top-section elementor-element elementor-element-f5d3ab3 elementor-section-boxed elementor-section-height-default elementor-section-height-default\" data-id=\"f5d3ab3\" data-element_type=\"section\" data-e-type=\"section\">\n\t\t\t\t\t\t<div class=\"elementor-container elementor-column-gap-default\">\n\t\t\t\t\t<div class=\"elementor-column elementor-col-100 elementor-top-column elementor-element elementor-element-1b23b3d\" data-id=\"1b23b3d\" data-element_type=\"column\" data-e-type=\"column\">\n\t\t\t<div class=\"elementor-widget-wrap elementor-element-populated\">\n\t\t\t\t\t\t<div class=\"elementor-element elementor-element-b5bf38e elementor-widget-divider--view-line elementor-widget elementor-widget-divider\" data-id=\"b5bf38e\" data-element_type=\"widget\" data-e-type=\"widget\" data-widget_type=\"divider.default\">\n\t\t\t\t<div class=\"elementor-widget-container\">\n\t\t\t\t\t\t\t<div class=\"elementor-divider\">\n\t\t\t<span class=\"elementor-divider-separator\">\n\t\t\t\t\t\t<\/span>\n\t\t<\/div>\n\t\t\t\t\t\t<\/div>\n\t\t\t\t<\/div>\n\t\t\t\t\t<\/div>\n\t\t<\/div>\n\t\t\t\t\t<\/div>\n\t\t<\/section>\n\t\t\t\t<section class=\"elementor-section elementor-top-section elementor-element elementor-element-511ed72 elementor-section-boxed elementor-section-height-default elementor-section-height-default\" data-id=\"511ed72\" data-element_type=\"section\" data-e-type=\"section\">\n\t\t\t\t\t\t<div class=\"elementor-container elementor-column-gap-default\">\n\t\t\t\t\t<div class=\"elementor-column elementor-col-100 elementor-top-column elementor-element elementor-element-861008c\" data-id=\"861008c\" data-element_type=\"column\" data-e-type=\"column\">\n\t\t\t<div class=\"elementor-widget-wrap elementor-element-populated\">\n\t\t\t\t\t\t<div class=\"elementor-element elementor-element-d498ac0 elementor-widget elementor-widget-spacer\" data-id=\"d498ac0\" data-element_type=\"widget\" data-e-type=\"widget\" data-widget_type=\"spacer.default\">\n\t\t\t\t<div class=\"elementor-widget-container\">\n\t\t\t\t\t\t\t<div class=\"elementor-spacer\">\n\t\t\t<div class=\"elementor-spacer-inner\"><\/div>\n\t\t<\/div>\n\t\t\t\t\t\t<\/div>\n\t\t\t\t<\/div>\n\t\t\t\t\t<\/div>\n\t\t<\/div>\n\t\t\t\t\t<\/div>\n\t\t<\/section>\n\t\t\t\t<\/div>\n\t\t","protected":false},"excerpt":{"rendered":"<p>Fazemos instala\u00e7\u00e3o e manuten\u00e7\u00e3o dos produtos que comercializamos. Trabalhamos com , bombas hidr\u00e1ulicas, tomadas de for\u00e7a e kit hidr\u00e1ulico para Caminh\u00f5es basculantes- ca\u00e7amba Caminh\u00f5es Munck &#8211; guindaste Caminh\u00f5es poli guindastes Caminh\u00f5es roll on roll off Compactador de lixo Plataforma de auto socorro &#8211; guincho<\/p>\n","protected":false},"author":1,"featured_media":0,"parent":0,"menu_order":0,"comment_status":"closed","ping_status":"closed","template":"elementor_header_footer","meta":{"site-sidebar-layout":"no-sidebar","site-content-layout":"page-builder","ast-site-content-layout":"default","site-content-style":"default","site-sidebar-style":"default","ast-global-header-display":"","ast-banner-title-visibility":"","ast-main-header-display":"","ast-hfb-above-header-display":"","ast-hfb-below-header-display":"","ast-hfb-mobile-header-display":"","site-post-title":"disabled","ast-breadcrumbs-content":"","ast-featured-img":"disabled","footer-sml-layout":"","ast-disable-related-posts":"","theme-transparent-header-meta":"","adv-header-id-meta":"","stick-header-meta":"","header-above-stick-meta":"","header-main-stick-meta":"","header-below-stick-meta":"","astra-migrate-meta-layouts":"default","ast-page-background-enabled":"default","ast-page-background-meta":{"desktop":{"background-color":"var(--ast-global-color-4)","background-image":"","background-repeat":"repeat","background-position":"center center","background-size":"auto","background-attachment":"scroll","background-type":"","background-media":"","overlay-type":"","overlay-color":"","overlay-opacity":"","overlay-gradient":""},"tablet":{"background-color":"","background-image":"","background-repeat":"repeat","background-position":"center center","background-size":"auto","background-attachment":"scroll","background-type":"","background-media":"","overlay-type":"","overlay-color":"","overlay-opacity":"","overlay-gradient":""},"mobile":{"background-color":"","background-image":"","background-repeat":"repeat","background-position":"center center","background-size":"auto","background-attachment":"scroll","background-type":"","background-media":"","overlay-type":"","overlay-color":"","overlay-opacity":"","overlay-gradient":""}},"ast-content-background-meta":{"desktop":{"background-color":"var(--ast-global-color-5)","background-image":"","background-repeat":"repeat","background-position":"center center","background-size":"auto","background-attachment":"scroll","background-type":"","background-media":"","overlay-type":"","overlay-color":"","overlay-opacity":"","overlay-gradient":""},"tablet":{"background-color":"var(--ast-global-color-5)","background-image":"","background-repeat":"repeat","background-position":"center center","background-size":"auto","background-attachment":"scroll","background-type":"","background-media":"","overlay-type":"","overlay-color":"","overlay-opacity":"","overlay-gradient":""},"mobile":{"background-color":"var(--ast-global-color-5)","background-image":"","background-repeat":"repeat","background-position":"center center","background-size":"auto","background-attachment":"scroll","background-type":"","background-media":"","overlay-type":"","overlay-color":"","overlay-opacity":"","overlay-gradient":""}},"footnotes":""},"class_list":["post-13","page","type-page","status-publish","hentry"],"_hostinger_reach_plugin_has_subscription_block":false,"_hostinger_reach_plugin_is_elementor":false,"_links":{"self":[{"href":"https:\/\/santanapecashidraulicas.com.br\/index.php?rest_route=\/wp\/v2\/pages\/13","targetHints":{"allow":["GET"]}}],"collection":[{"href":"https:\/\/santanapecashidraulicas.com.br\/index.php?rest_route=\/wp\/v2\/pages"}],"about":[{"href":"https:\/\/santanapecashidraulicas.com.br\/index.php?rest_route=\/wp\/v2\/types\/page"}],"author":[{"embeddable":true,"href":"https:\/\/santanapecashidraulicas.com.br\/index.php?rest_route=\/wp\/v2\/users\/1"}],"replies":[{"embeddable":true,"href":"https:\/\/santanapecashidraulicas.com.br\/index.php?rest_route=%2Fwp%2Fv2%2Fcomments&post=13"}],"version-history":[{"count":16,"href":"https:\/\/santanapecashidraulicas.com.br\/index.php?rest_route=\/wp\/v2\/pages\/13\/revisions"}],"predecessor-version":[{"id":251,"href":"https:\/\/santanapecashidraulicas.com.br\/index.php?rest_route=\/wp\/v2\/pages\/13\/revisions\/251"}],"wp:attachment":[{"href":"https:\/\/santanapecashidraulicas.com.br\/index.php?rest_route=%2Fwp%2Fv2%2Fmedia&parent=13"}],"curies":[{"name":"wp","href":"https:\/\/api.w.org\/{rel}","templated":true}]}}